{"id":4,"date":"2016-06-05T11:22:18","date_gmt":"2016-06-05T10:22:18","guid":{"rendered":"http:\/\/www.translatum.ch\/?page_id=4"},"modified":"2024-05-01T08:59:45","modified_gmt":"2024-05-01T06:59:45","slug":"accueil","status":"publish","type":"page","link":"https:\/\/www.translatum.ch\/?page_id=4&lang=fr","title":{"rendered":"Accueil"},"content":{"rendered":"<h2 style=\"text-align: center;\"><strong>Bienvenue\u00a0!<\/strong><\/h2>\n<p>Au b\u00e9n\u00e9fice d&#8217;une formation en lettres et riche d&#8217;une exp\u00e9rience professionnelle de pr\u00e8s de vingt ans, Roxane Jacobi vous propose des services dans les domaines de la traduction, de la r\u00e9vision, de la post-\u00e9dition ou de la r\u00e9daction.<\/p>\n","protected":false},"excerpt":{"rendered":"<p>Bienvenue\u00a0! Au b\u00e9n\u00e9fice d&#8217;une formation en lettres et riche d&#8217;une exp\u00e9rience professionnelle de pr\u00e8s de vingt ans, Roxane Jacobi vous propose des services dans les domaines de la traduction, de la r\u00e9vision, de la post-\u00e9dition ou de la r\u00e9daction.<\/p>\n","protected":false},"author":1,"featured_media":127,"parent":0,"menu_order":0,"comment_status":"closed","ping_status":"closed","template":"","meta":{"footnotes":""},"_links":{"self":[{"href":"https:\/\/www.translatum.ch\/index.php?rest_route=\/wp\/v2\/pages\/4"}],"collection":[{"href":"https:\/\/www.translatum.ch\/index.php?rest_route=\/wp\/v2\/pages"}],"about":[{"href":"https:\/\/www.translatum.ch\/index.php?rest_route=\/wp\/v2\/types\/page"}],"author":[{"embeddable":true,"href":"https:\/\/www.translatum.ch\/index.php?rest_route=\/wp\/v2\/users\/1"}],"replies":[{"embeddable":true,"href":"https:\/\/www.translatum.ch\/index.php?rest_route=%2Fwp%2Fv2%2Fcomments&post=4"}],"version-history":[{"count":19,"href":"https:\/\/www.translatum.ch\/index.php?rest_route=\/wp\/v2\/pages\/4\/revisions"}],"predecessor-version":[{"id":289,"href":"https:\/\/www.translatum.ch\/index.php?rest_route=\/wp\/v2\/pages\/4\/revisions\/289"}],"wp:featuredmedia":[{"embeddable":true,"href":"https:\/\/www.translatum.ch\/index.php?rest_route=\/wp\/v2\/media\/127"}],"wp:attachment":[{"href":"https:\/\/www.translatum.ch\/index.php?rest_route=%2Fwp%2Fv2%2Fmedia&parent=4"}],"curies":[{"name":"wp","href":"https:\/\/api.w.org\/{rel}","templated":true}]}}