{"id":197,"date":"2016-07-06T13:01:51","date_gmt":"2016-07-06T12:01:51","guid":{"rendered":"http:\/\/www.translatum.ch\/?page_id=197"},"modified":"2024-05-01T09:10:08","modified_gmt":"2024-05-01T07:10:08","slug":"angebot","status":"publish","type":"page","link":"https:\/\/www.translatum.ch\/?page_id=197&lang=de","title":{"rendered":"Angebot"},"content":{"rendered":"<ul>\n<li><strong>\u00dcbersetzung:<\/strong> Deutsch -&gt; Franz\u00f6sisch \/ bei Bedarf: Lateinisch -&gt; Franz\u00f6sisch<\/li>\n<li><strong>Revision:<\/strong> franz\u00f6sische Texte aller Art werden auf Rechtschreibung, Grammatik und Stil gepr\u00fcft<\/li>\n<li><strong>Korrekturlesen <\/strong>von franz\u00f6sischen Druckfahnen und Gut zum Druck<\/li>\n<li><strong>Redaktion<\/strong> von Briefen, Mails und sonstigen Texten auf Franz\u00f6sisch<\/li>\n<li><strong>Fachgebiete<\/strong>: Politik, Recht, Finanzen, Wirtschaft, Informatik, Energie, Raumentwicklung, nachhaltige Entwicklung<\/li>\n<li><strong>Personalisierter Kontakt <\/strong>mit nur einer Ansprechperson<\/li>\n<li><strong>20 Jahre Berufserfahrung<\/strong><\/li>\n<li><strong>Termintreue<\/strong> \/ <strong>Qualit\u00e4tsbewusstsein<\/strong><\/li>\n<\/ul>\n\n\n<p><\/p>\n","protected":false},"excerpt":{"rendered":"<p>\u00dcbersetzung: Deutsch -&gt; Franz\u00f6sisch \/ bei Bedarf: Lateinisch -&gt; Franz\u00f6sisch Revision: franz\u00f6sische Texte aller Art werden auf Rechtschreibung, Grammatik und Stil gepr\u00fcft Korrekturlesen von franz\u00f6sischen Druckfahnen und Gut zum Druck Redaktion von Briefen, Mails und sonstigen Texten auf Franz\u00f6sisch Fachgebiete: Politik, Recht, Finanzen, Wirtschaft, Informatik, Energie, Raumentwicklung, nachhaltige Entwicklung Personalisierter Kontakt mit nur einer Ansprechperson &#8230; <a title=\"Angebot\" class=\"read-more\" href=\"https:\/\/www.translatum.ch\/?page_id=197&#038;lang=de\" aria-label=\"More on Angebot\">Read more<\/a><\/p>\n","protected":false},"author":1,"featured_media":0,"parent":0,"menu_order":0,"comment_status":"closed","ping_status":"closed","template":"","meta":{"footnotes":""},"_links":{"self":[{"href":"https:\/\/www.translatum.ch\/index.php?rest_route=\/wp\/v2\/pages\/197"}],"collection":[{"href":"https:\/\/www.translatum.ch\/index.php?rest_route=\/wp\/v2\/pages"}],"about":[{"href":"https:\/\/www.translatum.ch\/index.php?rest_route=\/wp\/v2\/types\/page"}],"author":[{"embeddable":true,"href":"https:\/\/www.translatum.ch\/index.php?rest_route=\/wp\/v2\/users\/1"}],"replies":[{"embeddable":true,"href":"https:\/\/www.translatum.ch\/index.php?rest_route=%2Fwp%2Fv2%2Fcomments&post=197"}],"version-history":[{"count":5,"href":"https:\/\/www.translatum.ch\/index.php?rest_route=\/wp\/v2\/pages\/197\/revisions"}],"predecessor-version":[{"id":292,"href":"https:\/\/www.translatum.ch\/index.php?rest_route=\/wp\/v2\/pages\/197\/revisions\/292"}],"wp:attachment":[{"href":"https:\/\/www.translatum.ch\/index.php?rest_route=%2Fwp%2Fv2%2Fmedia&parent=197"}],"curies":[{"name":"wp","href":"https:\/\/api.w.org\/{rel}","templated":true}]}}